{"id":2249,"date":"2025-10-27T09:37:37","date_gmt":"2025-10-27T01:37:37","guid":{"rendered":"https:\/\/nxcompressor.com\/?page_id=2249"},"modified":"2026-02-09T10:59:13","modified_gmt":"2026-02-09T02:59:13","slug":"privacy-policy-2","status":"publish","type":"page","link":"https:\/\/nxcompressor.com\/es\/privacy-policy-2\/","title":{"rendered":"Pol\u00edtica de privacidad"},"content":{"rendered":"<div data-elementor-type=\"wp-page\" data-elementor-id=\"2249\" class=\"elementor elementor-2249\" data-elementor-post-type=\"page\">\n\t\t\t\t<div class=\"elementor-element elementor-element-c93a986 e-flex e-con-boxed e-con e-parent\" data-id=\"c93a986\" data-element_type=\"container\" data-e-type=\"container\" data-settings=\"{&quot;background_background&quot;:&quot;classic&quot;,&quot;ekit_has_onepagescroll_dot&quot;:&quot;yes&quot;}\">\n\t\t\t\t\t<div class=\"e-con-inner\">\n\t\t\t\t<div class=\"elementor-element elementor-element-6d39635 elementor-widget elementor-widget-heading\" data-id=\"6d39635\" data-element_type=\"widget\" data-e-type=\"widget\" data-settings=\"{&quot;ekit_we_effect_on&quot;:&quot;none&quot;}\" data-widget_type=\"heading.default\">\n\t\t\t\t<div class=\"elementor-widget-container\">\n\t\t\t\t\t<h1 class=\"elementor-heading-title elementor-size-default\">Pol\u00edtica de privacidad<\/h1>\t\t\t\t<\/div>\n\t\t\t\t<\/div>\n\t\t\t\t<div class=\"elementor-element elementor-element-c21e1d1 elementor-widget elementor-widget-elementskit-breadcrumb\" data-id=\"c21e1d1\" data-element_type=\"widget\" data-e-type=\"widget\" data-settings=\"{&quot;ekit_we_effect_on&quot;:&quot;none&quot;}\" data-widget_type=\"elementskit-breadcrumb.default\">\n\t\t\t\t<div class=\"elementor-widget-container\">\n\t\t\t\t\t<div class=\"ekit-wid-con\" ><ol class=\"ekit-breadcrumb\"><li class=\"ekit_breadcrumbs_start\"><a href=\"https:\/\/nxcompressor.com\/es\">Inicio<\/a><\/li><\/ol><\/div>\t\t\t\t<\/div>\n\t\t\t\t<\/div>\n\t\t\t\t\t<\/div>\n\t\t\t\t<\/div>\n\t\t<div class=\"elementor-element elementor-element-802aa08 e-flex e-con-boxed elementor-invisible e-con e-parent\" data-id=\"802aa08\" data-element_type=\"container\" data-e-type=\"container\" data-settings=\"{&quot;animation&quot;:&quot;fadeInUp&quot;,&quot;ekit_has_onepagescroll_dot&quot;:&quot;yes&quot;}\">\n\t\t\t\t\t<div class=\"e-con-inner\">\n\t\t\t\t<div class=\"elementor-element elementor-element-50382b2 elementor-widget elementor-widget-text-editor\" data-id=\"50382b2\" data-element_type=\"widget\" data-e-type=\"widget\" data-settings=\"{&quot;ekit_we_effect_on&quot;:&quot;none&quot;}\" data-widget_type=\"text-editor.default\">\n\t\t\t\t<div class=\"elementor-widget-container\">\n\t\t\t\t\t\t\t\t\t<h5><b>Pol\u00edtica de privacidad&nbsp;<\/b>para EternelComp Air Compressor Co., Ltd<\/h5>\n<p>En EternelComp Air Compressor, accesible desde www.nxcompressor.com, una de nuestras principales prioridades es la privacidad de nuestros visitantes. Este documento de Pol\u00edtica de Privacidad contiene los tipos de informaci\u00f3n que son recogidos y registrados por EternelComp Air Compressor y c\u00f3mo la utilizamos.<\/p>\n<p><\/p>\n<p>Si tiene m\u00e1s preguntas o necesita m\u00e1s informaci\u00f3n sobre nuestra Pol\u00edtica de Privacidad, no dude en ponerse en contacto con nosotros.\uff1a+86 15270025538\/ info@nxcompressor.com<\/p>\n<p>Esta Pol\u00edtica de Privacidad se aplica s\u00f3lo a nuestras actividades en l\u00ednea y es v\u00e1lida para los visitantes de nuestro sitio web con respecto a la informaci\u00f3n que compartieron y\/o recopilan en EternelComp Compresor de Aire. Esta pol\u00edtica no es aplicable a ninguna informaci\u00f3n recopilada fuera de l\u00ednea o a trav\u00e9s de canales distintos de este sitio web.<\/p>\n<p><\/p>\n<h5>Consentimiento<\/h5>\n<p>Al utilizar nuestro sitio web, usted acepta nuestra Pol\u00edtica de privacidad y est\u00e1 de acuerdo con sus t\u00e9rminos.<\/p>\n<p><\/p>\n<h5>Informaci\u00f3n que recopilamos<\/h5>\n<p>La informaci\u00f3n personal que se le pide y las razones por las que se le pide se le explicar\u00e1n claramente en el momento en que le pidamos que proporcione su informaci\u00f3n personal.<\/p>\n<p><\/p>\n<p>Si se pone en contacto con nosotros directamente, podemos recibir informaci\u00f3n adicional sobre usted, como su nombre, direcci\u00f3n de correo electr\u00f3nico, n\u00famero de tel\u00e9fono, el contenido del mensaje y\/o los archivos adjuntos que nos env\u00ede y cualquier otra informaci\u00f3n que decida facilitarnos.<\/p>\n<p><\/p>\n<p>Cuando se registra para obtener una Cuenta, podemos pedirle su informaci\u00f3n de contacto, incluidos datos como el nombre, el nombre de la empresa, la direcci\u00f3n, la direcci\u00f3n de correo electr\u00f3nico y el n\u00famero de tel\u00e9fono.<\/p>\n<p><\/p>\n<h5>C\u00f3mo utilizamos su informaci\u00f3n<\/h5>\n<p>Utilizamos la informaci\u00f3n que recopilamos de varias formas, entre ellas para:<\/p>\n<p>\u25aa&nbsp;<span style=\"font-style: inherit; font-weight: inherit;\">Proporcionar, operar y mantener nuestro sitio web<\/span><\/p>\n<p>\u25aa&nbsp;<span style=\"font-style: inherit; font-weight: inherit;\">Mejorar, personalizar y ampliar nuestro sitio web<\/span><\/p>\n<p>\u25aa&nbsp;<span style=\"font-style: inherit; font-weight: inherit;\">Comprender y analizar c\u00f3mo utiliza nuestro sitio web<\/span><\/p>\n<p>\u25aa&nbsp;<span style=\"font-style: inherit; font-weight: inherit;\">Desarrollar nuevos productos, servicios, caracter\u00edsticas y funcionalidades<\/span><\/p>\n<p>\u25aa&nbsp;<span style=\"font-style: inherit; font-weight: inherit;\">Comunicarnos con usted, ya sea directamente o a trav\u00e9s de uno de nuestros socios, por ejemplo con fines de atenci\u00f3n al cliente, para proporcionarle actualizaciones y otra informaci\u00f3n relacionada con el sitio web, y con fines promocionales y de marketing.<\/span><\/p>\n<p>\u25aa&nbsp;<span style=\"font-style: inherit; font-weight: inherit;\">Enviarle correos electr\u00f3nicos<\/span><\/p>\n<p>\u25aa&nbsp;<span style=\"font-style: inherit; font-weight: inherit;\">Detectar y prevenir el fraude<\/span><\/p>\n<p><span style=\"font-style: inherit; font-weight: inherit;\">&nbsp;<\/span><\/p>\n<h5>Archivos de registro<\/h5>\n<p>EternelComp Air Compressor sigue un procedimiento est\u00e1ndar de uso de archivos de registro. Estos archivos registran a los visitantes cuando visitan los sitios web. Todas las empresas de hosting hacen esto y forma parte de las anal\u00edticas de los servicios de hosting. La informaci\u00f3n recopilada por los archivos de registro incluye direcciones de protocolo de Internet (IP), tipo de navegador, proveedor de servicios de Internet (ISP), fecha y hora, p\u00e1ginas de referencia\/salida y, posiblemente, el n\u00famero de clics. Estos datos no est\u00e1n vinculados a ninguna informaci\u00f3n que permita la identificaci\u00f3n personal. El prop\u00f3sito de la informaci\u00f3n es analizar tendencias, administrar el sitio, rastrear los movimientos de los usuarios en el sitio web y recopilar informaci\u00f3n demogr\u00e1fica.<\/p>\n<p><\/p>\n<h5>Cookies y balizas web<\/h5>\n<p>Como cualquier otro sitio web, EternelComp Air Compressor utiliza \u201ccookies\u201d. Estas cookies se utilizan para almacenar informaci\u00f3n, incluidas las preferencias de los visitantes y las p\u00e1ginas del sitio web a las que el visitante accedi\u00f3 o visit\u00f3. La informaci\u00f3n se utiliza para optimizar la experiencia de los usuarios personalizando el contenido de nuestra p\u00e1gina web en funci\u00f3n del tipo de navegador de los visitantes y\/u otra informaci\u00f3n.<\/p>\n<p><\/p>\n<h5>Socios publicitarios Pol\u00edticas de privacidad<\/h5>\n<p>Puede consultar esta lista para encontrar la Pol\u00edtica de Privacidad de cada uno de los socios publicitarios de EternelComp Air Compressor.<\/p>\n<p><\/p>\n<p>Los servidores o redes publicitarias de terceros utilizan tecnolog\u00edas como cookies, JavaScript o Web Beacons que se utilizan en sus respectivos anuncios y enlaces que aparecen en EternelComp Air Compressor, y que se env\u00edan directamente al navegador de los usuarios. Cuando esto ocurre, reciben autom\u00e1ticamente su direcci\u00f3n IP. Estas tecnolog\u00edas se utilizan para medir la eficacia de sus campa\u00f1as publicitarias y\/o para personalizar el contenido publicitario que usted ve en los sitios web que visita.<\/p>\n<p><\/p>\n<p>Tenga en cuenta que EternelComp Air Compressor no tiene acceso ni control sobre estas cookies que son utilizados por los anunciantes de terceros.<\/p>\n<p><\/p>\n<h5>Pol\u00edticas de privacidad de terceros<\/h5>\n<p>La Pol\u00edtica de Privacidad de EternelComp Air Compressor no se aplica a otros anunciantes o sitios web. Por lo tanto, le aconsejamos que consulte las respectivas Pol\u00edticas de Privacidad de estos servidores de anuncios de terceros para obtener informaci\u00f3n m\u00e1s detallada. Puede incluir sus pr\u00e1cticas e instrucciones sobre c\u00f3mo optar por no participar en ciertas opciones.<\/p>\n<p><\/p>\n<p>Puede optar por desactivar las cookies a trav\u00e9s de las opciones individuales de su navegador. Para conocer informaci\u00f3n m\u00e1s detallada sobre la gesti\u00f3n de cookies con navegadores web espec\u00edficos, puede consultarse en los sitios web respectivos de los navegadores.<\/p>\n<p><\/p>\n<h5>Derechos de privacidad CCPA (No vender mi informaci\u00f3n personal)<\/h5>\n<p>En virtud de la CCPA, entre otros derechos, los consumidores de California tienen derecho a:<\/p>\n<p>Solicitar que una empresa que recopila datos personales de un consumidor revele las categor\u00edas y los datos personales espec\u00edficos que ha recopilado sobre los consumidores.<\/p>\n<p>Solicitar que una empresa elimine cualquier dato personal sobre el consumidor que haya recopilado.<\/p>\n<p>Solicitar que una empresa que vende datos personales de un consumidor, no venda los datos personales del consumidor.<\/p>\n<p>Si realiza una solicitud, disponemos de un mes para responderle. Si desea ejercer alguno de estos derechos, p\u00f3ngase en contacto con nosotros.<\/p>\n<p><\/p>\n<h5>Derechos de protecci\u00f3n de datos GDPR<\/h5>\n<p>Queremos asegurarnos de que conoce todos sus derechos en materia de protecci\u00f3n de datos. Todo usuario tiene derecho a lo siguiente:<\/p>\n<p>Derecho de acceso - Tiene derecho a solicitar copias de sus datos personales. Es posible que le cobremos una peque\u00f1a cantidad por este servicio.<\/p>\n<p>Derecho de rectificaci\u00f3n - Tiene derecho a solicitar que corrijamos cualquier informaci\u00f3n que considere inexacta. Tambi\u00e9n tiene derecho a solicitar que completemos la informaci\u00f3n que considere incompleta.<\/p>\n<p>Derecho de supresi\u00f3n - Tiene derecho a solicitar que borremos sus datos personales, en determinadas condiciones.<\/p>\n<p>Derecho a restringir el tratamiento - Tiene derecho a solicitar que restrinjamos el tratamiento de sus datos personales, en determinadas condiciones.<\/p>\n<p>Derecho a oponerse al tratamiento - Usted tiene derecho a oponerse al tratamiento de sus datos personales por nuestra parte, en determinadas condiciones.<\/p>\n<p>Derecho a la portabilidad de los datos - Tiene derecho a solicitar que transfiramos los datos que hemos recopilado a otra organizaci\u00f3n, o directamente a usted, en determinadas condiciones.<\/p>\n<p>Si realiza una solicitud, disponemos de un mes para responderle. Si desea ejercer alguno de estos derechos, p\u00f3ngase en contacto con nosotros.<\/p>\n<p><\/p>\n<h5>Informaci\u00f3n infantil<\/h5>\n<p>Otra parte de nuestra prioridad es a\u00f1adir protecci\u00f3n para los ni\u00f1os mientras usan internet. Animamos a padres y tutores a que observen, participen y\/o supervisen y gu\u00eden su actividad en l\u00ednea.<\/p>\n<p><\/p>\n<p>EternelComp Air Compressor no recopila conscientemente ninguna Informaci\u00f3n de Identificaci\u00f3n Personal de ni\u00f1os menores de 13. Si usted cree que su hijo proporcion\u00f3 este tipo de informaci\u00f3n en nuestro sitio web, le recomendamos encarecidamente que se ponga en contacto con nosotros inmediatamente y haremos todo lo posible para eliminar r\u00e1pidamente dicha informaci\u00f3n de nuestros registros.<\/p>\n<p><\/p>\n<h5>Cambios en esta pol\u00edtica de privacidad<\/h5>\n<p>Es posible que actualicemos nuestra Pol\u00edtica de Privacidad de vez en cuando. Por ello, le aconsejamos que revise peri\u00f3dicamente esta p\u00e1gina para comprobar si se han producido cambios. Le notificaremos cualquier cambio publicando la nueva Pol\u00edtica de Privacidad en esta p\u00e1gina. Estos cambios entrar\u00e1n en vigor inmediatamente despu\u00e9s de su publicaci\u00f3n en esta p\u00e1gina.<\/p>\n<p><\/p>\n<h5>Cont\u00e1ctenos<\/h5>\n<p>Si tiene alguna pregunta o sugerencia sobre nuestra Pol\u00edtica de privacidad, no dude en ponerse en contacto con nosotros.<\/p>\t\t\t\t\t\t\t\t<\/div>\n\t\t\t\t<\/div>\n\t\t\t\t\t<\/div>\n\t\t\t\t<\/div>\n\t\t\t\t<\/div>","protected":false},"excerpt":{"rendered":"<p>Privacy Policy Home Privacy Policy&nbsp;for EternelComp&nbsp;Air Compressor Co., Ltd At EternelComp Air Compressor, accessible from www.nxcompressor.com, one of our main [&hellip;]<\/p>\n","protected":false},"author":6,"featured_media":0,"parent":0,"menu_order":0,"comment_status":"closed","ping_status":"closed","template":"","meta":{"_acf_changed":false,"site-sidebar-layout":"no-sidebar","site-content-layout":"","ast-site-content-layout":"full-width-container","site-content-style":"default","site-sidebar-style":"default","ast-global-header-display":"","ast-banner-title-visibility":"","ast-main-header-display":"","ast-hfb-above-header-display":"","ast-hfb-below-header-display":"","ast-hfb-mobile-header-display":"","site-post-title":"","ast-breadcrumbs-content":"","ast-featured-img":"disabled","footer-sml-layout":"","ast-disable-related-posts":"","theme-transparent-header-meta":"","adv-header-id-meta":"","stick-header-meta":"","header-above-stick-meta":"","header-main-stick-meta":"","header-below-stick-meta":"","astra-migrate-meta-layouts":"default","ast-page-background-enabled":"default","ast-page-background-meta":{"desktop":{"background-color":"var(--ast-global-color-5)","background-image":"","background-repeat":"repeat","background-position":"center center","background-size":"auto","background-attachment":"scroll","background-type":"","background-media":"","overlay-type":"","overlay-color":"","overlay-opacity":"","overlay-gradient":""},"tablet":{"background-color":"","background-image":"","background-repeat":"repeat","background-position":"center center","background-size":"auto","background-attachment":"scroll","background-type":"","background-media":"","overlay-type":"","overlay-color":"","overlay-opacity":"","overlay-gradient":""},"mobile":{"background-color":"","background-image":"","background-repeat":"repeat","background-position":"center center","background-size":"auto","background-attachment":"scroll","background-type":"","background-media":"","overlay-type":"","overlay-color":"","overlay-opacity":"","overlay-gradient":""}},"ast-content-background-meta":{"desktop":{"background-color":"var(--ast-global-color-4)","background-image":"","background-repeat":"repeat","background-position":"center center","background-size":"auto","background-attachment":"scroll","background-type":"","background-media":"","overlay-type":"","overlay-color":"","overlay-opacity":"","overlay-gradient":""},"tablet":{"background-color":"var(--ast-global-color-4)","background-image":"","background-repeat":"repeat","background-position":"center center","background-size":"auto","background-attachment":"scroll","background-type":"","background-media":"","overlay-type":"","overlay-color":"","overlay-opacity":"","overlay-gradient":""},"mobile":{"background-color":"var(--ast-global-color-4)","background-image":"","background-repeat":"repeat","background-position":"center center","background-size":"auto","background-attachment":"scroll","background-type":"","background-media":"","overlay-type":"","overlay-color":"","overlay-opacity":"","overlay-gradient":""}},"footnotes":""},"class_list":["post-2249","page","type-page","status-publish","hentry"],"acf":[],"_links":{"self":[{"href":"https:\/\/nxcompressor.com\/es\/wp-json\/wp\/v2\/pages\/2249","targetHints":{"allow":["GET"]}}],"collection":[{"href":"https:\/\/nxcompressor.com\/es\/wp-json\/wp\/v2\/pages"}],"about":[{"href":"https:\/\/nxcompressor.com\/es\/wp-json\/wp\/v2\/types\/page"}],"author":[{"embeddable":true,"href":"https:\/\/nxcompressor.com\/es\/wp-json\/wp\/v2\/users\/6"}],"replies":[{"embeddable":true,"href":"https:\/\/nxcompressor.com\/es\/wp-json\/wp\/v2\/comments?post=2249"}],"version-history":[{"count":10,"href":"https:\/\/nxcompressor.com\/es\/wp-json\/wp\/v2\/pages\/2249\/revisions"}],"predecessor-version":[{"id":22441,"href":"https:\/\/nxcompressor.com\/es\/wp-json\/wp\/v2\/pages\/2249\/revisions\/22441"}],"wp:attachment":[{"href":"https:\/\/nxcompressor.com\/es\/wp-json\/wp\/v2\/media?parent=2249"}],"curies":[{"name":"wp","href":"https:\/\/api.w.org\/{rel}","templated":true}]}}