{"id":2223,"date":"2025-10-27T09:11:54","date_gmt":"2025-10-27T01:11:54","guid":{"rendered":"https:\/\/nxcompressor.com\/?page_id=2223"},"modified":"2026-02-09T10:47:47","modified_gmt":"2026-02-09T02:47:47","slug":"become-our-dealer","status":"publish","type":"page","link":"https:\/\/nxcompressor.com\/it\/become-our-dealer\/","title":{"rendered":"Diventa nostro rivenditore"},"content":{"rendered":"<div data-elementor-type=\"wp-page\" data-elementor-id=\"2223\" class=\"elementor elementor-2223\" data-elementor-post-type=\"page\">\n\t\t\t\t<div class=\"elementor-element elementor-element-bffc75f e-flex e-con-boxed e-con e-parent\" data-id=\"bffc75f\" data-element_type=\"container\" data-e-type=\"container\" data-settings=\"{&quot;background_background&quot;:&quot;classic&quot;,&quot;ekit_has_onepagescroll_dot&quot;:&quot;yes&quot;}\">\n\t\t\t\t\t<div class=\"e-con-inner\">\n\t\t\t\t<div class=\"elementor-element elementor-element-6538297 elementor-widget elementor-widget-heading\" data-id=\"6538297\" data-element_type=\"widget\" data-e-type=\"widget\" data-settings=\"{&quot;ekit_we_effect_on&quot;:&quot;none&quot;}\" data-widget_type=\"heading.default\">\n\t\t\t\t<div class=\"elementor-widget-container\">\n\t\t\t\t\t<h1 class=\"elementor-heading-title elementor-size-default\">Diventa nostro rivenditore<\/h1>\t\t\t\t<\/div>\n\t\t\t\t<\/div>\n\t\t\t\t<div class=\"elementor-element elementor-element-157a348 elementor-widget elementor-widget-elementskit-breadcrumb\" data-id=\"157a348\" data-element_type=\"widget\" data-e-type=\"widget\" data-settings=\"{&quot;ekit_we_effect_on&quot;:&quot;none&quot;}\" data-widget_type=\"elementskit-breadcrumb.default\">\n\t\t\t\t<div class=\"elementor-widget-container\">\n\t\t\t\t\t<div class=\"ekit-wid-con\" ><ol class=\"ekit-breadcrumb\"><li class=\"ekit_breadcrumbs_start\"><a href=\"https:\/\/nxcompressor.com\/it\">Home<\/a><\/li><\/ol><\/div>\t\t\t\t<\/div>\n\t\t\t\t<\/div>\n\t\t\t\t\t<\/div>\n\t\t\t\t<\/div>\n\t\t<div class=\"elementor-element elementor-element-c5283c6 e-flex e-con-boxed elementor-invisible e-con e-parent\" data-id=\"c5283c6\" data-element_type=\"container\" data-e-type=\"container\" data-settings=\"{&quot;animation&quot;:&quot;fadeInUp&quot;,&quot;ekit_has_onepagescroll_dot&quot;:&quot;yes&quot;}\">\n\t\t\t\t\t<div class=\"e-con-inner\">\n\t\t\t\t<div class=\"elementor-element elementor-element-c91746d elementor-widget elementor-widget-heading\" data-id=\"c91746d\" data-element_type=\"widget\" data-e-type=\"widget\" data-settings=\"{&quot;ekit_we_effect_on&quot;:&quot;none&quot;}\" data-widget_type=\"heading.default\">\n\t\t\t\t<div class=\"elementor-widget-container\">\n\t\t\t\t\t<h2 class=\"elementor-heading-title elementor-size-default\">Far crescere il vostro business<\/h2>\t\t\t\t<\/div>\n\t\t\t\t<\/div>\n\t\t\t\t<div class=\"elementor-element elementor-element-4dae120 elementor-widget elementor-widget-heading\" data-id=\"4dae120\" data-element_type=\"widget\" data-e-type=\"widget\" data-settings=\"{&quot;ekit_we_effect_on&quot;:&quot;none&quot;}\" data-widget_type=\"heading.default\">\n\t\t\t\t<div class=\"elementor-widget-container\">\n\t\t\t\t\t<h2 class=\"elementor-heading-title elementor-size-default\">Collaborate con noi come concessionario per i compressori d'aria<\/h2>\t\t\t\t<\/div>\n\t\t\t\t<\/div>\n\t\t\t\t<div class=\"elementor-element elementor-element-567a732 elementor-widget elementor-widget-text-editor\" data-id=\"567a732\" data-element_type=\"widget\" data-e-type=\"widget\" data-settings=\"{&quot;ekit_we_effect_on&quot;:&quot;none&quot;}\" data-widget_type=\"text-editor.default\">\n\t\t\t\t<div class=\"elementor-widget-container\">\n\t\t\t\t\t\t\t\t\t<p>Volete espandere la vostra attivit\u00e0? Collaborate con noi come rivenditori dei nostri compressori d'aria di alta qualit\u00e0. Contattateci oggi stesso per saperne di pi\u00f9!<\/p>\t\t\t\t\t\t\t\t<\/div>\n\t\t\t\t<\/div>\n\t\t\t\t\t<\/div>\n\t\t\t\t<\/div>\n\t\t<div class=\"elementor-element elementor-element-2b9be6c e-flex e-con-boxed elementor-invisible e-con e-parent\" data-id=\"2b9be6c\" data-element_type=\"container\" data-e-type=\"container\" data-settings=\"{&quot;animation&quot;:&quot;fadeInUp&quot;,&quot;ekit_has_onepagescroll_dot&quot;:&quot;yes&quot;}\">\n\t\t\t\t\t<div class=\"e-con-inner\">\n\t\t\t\t<div class=\"elementor-element elementor-element-5b49642 elementor-widget elementor-widget-heading\" data-id=\"5b49642\" data-element_type=\"widget\" data-e-type=\"widget\" data-settings=\"{&quot;ekit_we_effect_on&quot;:&quot;none&quot;}\" data-widget_type=\"heading.default\">\n\t\t\t\t<div class=\"elementor-widget-container\">\n\t\t\t\t\t<h2 class=\"elementor-heading-title elementor-size-default\">Perch\u00e9 collaborare con noi?<\/h2>\t\t\t\t<\/div>\n\t\t\t\t<\/div>\n\t\t\t\t<div class=\"elementor-element elementor-element-f09d5b9 elementor-widget elementor-widget-text-editor\" data-id=\"f09d5b9\" data-element_type=\"widget\" data-e-type=\"widget\" data-settings=\"{&quot;ekit_we_effect_on&quot;:&quot;none&quot;}\" data-widget_type=\"text-editor.default\">\n\t\t\t\t<div class=\"elementor-widget-container\">\n\t\t\t\t\t\t\t\t\t<p>Collaborare con noi come rivenditore di compressori d'aria significa avere accesso ad alcuni dei migliori prodotti sul mercato. I nostri compressori sono costruiti con materiali di qualit\u00e0 e progettati per fornire prestazioni affidabili per gli anni a venire. Inoltre, il nostro team si impegna a fornire un servizio clienti e un'assistenza eccezionali per aiutarvi ad avere successo nella vostra attivit\u00e0. Contattateci oggi stesso per saperne di pi\u00f9 sui vantaggi di una collaborazione con noi.<\/p>\t\t\t\t\t\t\t\t<\/div>\n\t\t\t\t<\/div>\n\t\t\t\t\t<\/div>\n\t\t\t\t<\/div>\n\t\t<div class=\"elementor-element elementor-element-9afa3af e-flex e-con-boxed elementor-invisible e-con e-parent\" data-id=\"9afa3af\" data-element_type=\"container\" data-e-type=\"container\" data-settings=\"{&quot;animation&quot;:&quot;fadeInUp&quot;,&quot;ekit_has_onepagescroll_dot&quot;:&quot;yes&quot;}\">\n\t\t\t\t\t<div class=\"e-con-inner\">\n\t\t\t\t<div class=\"elementor-element elementor-element-df73e01 elementor-widget elementor-widget-heading\" data-id=\"df73e01\" data-element_type=\"widget\" data-e-type=\"widget\" data-settings=\"{&quot;ekit_we_effect_on&quot;:&quot;none&quot;}\" data-widget_type=\"heading.default\">\n\t\t\t\t<div class=\"elementor-widget-container\">\n\t\t\t\t\t<h2 class=\"elementor-heading-title elementor-size-default\">I nostri compressori d'aria di alta qualit\u00e0<\/h2>\t\t\t\t<\/div>\n\t\t\t\t<\/div>\n\t\t\t\t<div class=\"elementor-element elementor-element-6416304 elementor-widget elementor-widget-text-editor\" data-id=\"6416304\" data-element_type=\"widget\" data-e-type=\"widget\" data-settings=\"{&quot;ekit_we_effect_on&quot;:&quot;none&quot;}\" data-widget_type=\"text-editor.default\">\n\t\t\t\t<div class=\"elementor-widget-container\">\n\t\t\t\t\t\t\t\t\t<p>In qualit\u00e0 di produttori di compressori d'aria professionali, i nostri compressori d'aria sono costruiti per durare e fornire prestazioni affidabili per una variet\u00e0 di applicazioni. Sia che abbiate bisogno di un compressore per uso industriale o per la vostra officina personale, abbiamo una gamma di opzioni per soddisfare le vostre esigenze. I nostri compressori sono realizzati con materiali di qualit\u00e0 e progettati con un occhio di riguardo all'efficienza, in modo da poter svolgere il lavoro in modo rapido ed efficace. Contattateci oggi stesso per saperne di pi\u00f9 sui nostri compressori d'aria di alta qualit\u00e0 e su come possono essere utili alla vostra attivit\u00e0.<\/p>\t\t\t\t\t\t\t\t<\/div>\n\t\t\t\t<\/div>\n\t\t\t\t\t<\/div>\n\t\t\t\t<\/div>\n\t\t<div class=\"elementor-element elementor-element-1ee59cb e-flex e-con-boxed elementor-invisible e-con e-parent\" data-id=\"1ee59cb\" data-element_type=\"container\" data-e-type=\"container\" data-settings=\"{&quot;animation&quot;:&quot;fadeInUp&quot;,&quot;ekit_has_onepagescroll_dot&quot;:&quot;yes&quot;}\">\n\t\t\t\t\t<div class=\"e-con-inner\">\n\t\t\t\t<div class=\"elementor-element elementor-element-0dbf7a1 elementor-widget elementor-widget-heading\" data-id=\"0dbf7a1\" data-element_type=\"widget\" data-e-type=\"widget\" data-settings=\"{&quot;ekit_we_effect_on&quot;:&quot;none&quot;}\" data-widget_type=\"heading.default\">\n\t\t\t\t<div class=\"elementor-widget-container\">\n\t\t\t\t\t<h2 class=\"elementor-heading-title elementor-size-default\">Vantaggi di diventare concessionario<\/h2>\t\t\t\t<\/div>\n\t\t\t\t<\/div>\n\t\t\t\t<div class=\"elementor-element elementor-element-f3f7d5c elementor-widget elementor-widget-text-editor\" data-id=\"f3f7d5c\" data-element_type=\"widget\" data-e-type=\"widget\" data-settings=\"{&quot;ekit_we_effect_on&quot;:&quot;none&quot;}\" data-widget_type=\"text-editor.default\">\n\t\t\t\t<div class=\"elementor-widget-container\">\n\t\t\t\t\t\t\t\t\t<p>La collaborazione con noi come rivenditore dei nostri compressori d'aria comporta numerosi vantaggi. Avrete accesso ai nostri prodotti di alta qualit\u00e0 a prezzi competitivi, consentendovi di offrire ai vostri clienti il meglio della tecnologia dei compressori d'aria. Forniamo anche un supporto di marketing e di vendita per aiutarvi a far crescere la vostra attivit\u00e0 e a raggiungere nuovi clienti. Inoltre, il nostro team di esperti \u00e8 sempre disponibile a rispondere a qualsiasi domanda e a fornire assistenza tecnica quando necessario. Contattateci oggi stesso per saperne di pi\u00f9 sui vantaggi di diventare rivenditori dei nostri compressori d'aria.<\/p>\t\t\t\t\t\t\t\t<\/div>\n\t\t\t\t<\/div>\n\t\t\t\t\t<\/div>\n\t\t\t\t<\/div>\n\t\t<div class=\"elementor-element elementor-element-c60286d e-flex e-con-boxed elementor-invisible e-con e-parent\" data-id=\"c60286d\" data-element_type=\"container\" data-e-type=\"container\" data-settings=\"{&quot;animation&quot;:&quot;fadeInUp&quot;,&quot;ekit_has_onepagescroll_dot&quot;:&quot;yes&quot;}\">\n\t\t\t\t\t<div class=\"e-con-inner\">\n\t\t\t\t<div class=\"elementor-element elementor-element-cf47e00 elementor-widget elementor-widget-heading\" data-id=\"cf47e00\" data-element_type=\"widget\" data-e-type=\"widget\" data-settings=\"{&quot;ekit_we_effect_on&quot;:&quot;none&quot;}\" data-widget_type=\"heading.default\">\n\t\t\t\t<div class=\"elementor-widget-container\">\n\t\t\t\t\t<h2 class=\"elementor-heading-title elementor-size-default\">Come diventare concessionario<\/h2>\t\t\t\t<\/div>\n\t\t\t\t<\/div>\n\t\t\t\t<div class=\"elementor-element elementor-element-b68fab7 elementor-widget elementor-widget-text-editor\" data-id=\"b68fab7\" data-element_type=\"widget\" data-e-type=\"widget\" data-settings=\"{&quot;ekit_we_effect_on&quot;:&quot;none&quot;}\" data-widget_type=\"text-editor.default\">\n\t\t\t\t<div class=\"elementor-widget-container\">\n\t\t\t\t\t\t\t\t\t<p>Diventare rivenditore dei nostri compressori d'aria \u00e8 facile! Basta contattarci e vi forniremo tutte le informazioni necessarie per iniziare. Lavoreremo con voi per determinare i prodotti migliori per la vostra attivit\u00e0 e vi forniremo il supporto necessario per avere successo. Il nostro team \u00e8 impegnato ad aiutare i nostri rivenditori a far crescere le loro attivit\u00e0 e a raggiungere nuovi clienti. Contattateci oggi stesso per saperne di pi\u00f9 su come diventare un rivenditore dei nostri compressori d'aria di alta qualit\u00e0.<\/p>\t\t\t\t\t\t\t\t<\/div>\n\t\t\t\t<\/div>\n\t\t\t\t\t<\/div>\n\t\t\t\t<\/div>\n\t\t<div class=\"elementor-element elementor-element-968c730 e-flex e-con-boxed elementor-invisible e-con e-parent\" data-id=\"968c730\" data-element_type=\"container\" data-e-type=\"container\" data-settings=\"{&quot;animation&quot;:&quot;fadeInUp&quot;,&quot;ekit_has_onepagescroll_dot&quot;:&quot;yes&quot;}\">\n\t\t\t\t\t<div class=\"e-con-inner\">\n\t\t\t\t<div class=\"elementor-element elementor-element-0311c48 elementor-widget elementor-widget-heading\" data-id=\"0311c48\" data-element_type=\"widget\" data-e-type=\"widget\" data-settings=\"{&quot;ekit_we_effect_on&quot;:&quot;none&quot;}\" data-widget_type=\"heading.default\">\n\t\t\t\t<div class=\"elementor-widget-container\">\n\t\t\t\t\t<h2 class=\"elementor-heading-title elementor-size-default\">Esplora la nostra rete di concessionari<\/h2>\t\t\t\t<\/div>\n\t\t\t\t<\/div>\n\t\t\t\t<div class=\"elementor-element elementor-element-485e78f elementor-widget elementor-widget-image\" data-id=\"485e78f\" data-element_type=\"widget\" data-e-type=\"widget\" data-settings=\"{&quot;ekit_we_effect_on&quot;:&quot;none&quot;}\" data-widget_type=\"image.default\">\n\t\t\t\t<div class=\"elementor-widget-container\">\n\t\t\t\t\t\t\t\t\t\t\t\t\t\t\t<img decoding=\"async\" src=\"https:\/\/nxcompressor.com\/wp-content\/uploads\/2025\/10\/dealer-network.webp\" title=\"rete di concessionari\" alt=\"rete di concessionari\" loading=\"lazy\" \/>\t\t\t\t\t\t\t\t\t\t\t\t\t\t\t<\/div>\n\t\t\t\t<\/div>\n\t\t\t\t\t<\/div>\n\t\t\t\t<\/div>\n\t\t<div class=\"elementor-element elementor-element-e43b3b7 e-con-full e-flex e-con e-child\" data-id=\"e43b3b7\" data-element_type=\"container\" data-e-type=\"container\" data-settings=\"{&quot;ekit_has_onepagescroll_dot&quot;:&quot;yes&quot;}\">\n\t\t\t\t<div class=\"elementor-element elementor-element-830b462 elementor-widget elementor-widget-button\" data-id=\"830b462\" data-element_type=\"widget\" data-e-type=\"widget\" data-settings=\"{&quot;ekit_we_effect_on&quot;:&quot;none&quot;}\" data-widget_type=\"button.default\">\n\t\t\t\t<div class=\"elementor-widget-container\">\n\t\t\t\t\t\t\t\t\t<div class=\"elementor-button-wrapper\">\n\t\t\t\t\t<a class=\"elementor-button elementor-button-link elementor-size-sm\" href=\"#elementor-action%3Aaction%3Dpopup%3Aopen%26settings%3DeyJpZCI6IjUyOCIsInRvZ2dsZSI6ZmFsc2V9\">\n\t\t\t\t\t\t<span class=\"elementor-button-content-wrapper\">\n\t\t\t\t\t\t\t\t\t<span class=\"elementor-button-text\">DIVENTA NOSTRO RIVENDITORE<\/span>\n\t\t\t\t\t<\/span>\n\t\t\t\t\t<\/a>\n\t\t\t\t<\/div>\n\t\t\t\t\t\t\t\t<\/div>\n\t\t\t\t<\/div>\n\t\t\t\t<div class=\"elementor-element elementor-element-7362522 e-transform elementor-view-default elementor-widget elementor-widget-icon\" data-id=\"7362522\" data-element_type=\"widget\" data-e-type=\"widget\" data-settings=\"{&quot;_transform_rotateZ_effect_hover&quot;:{&quot;unit&quot;:&quot;px&quot;,&quot;size&quot;:44,&quot;sizes&quot;:[]},&quot;ekit_we_effect_on&quot;:&quot;none&quot;,&quot;_transform_rotateZ_effect_hover_tablet&quot;:{&quot;unit&quot;:&quot;deg&quot;,&quot;size&quot;:&quot;&quot;,&quot;sizes&quot;:[]},&quot;_transform_rotateZ_effect_hover_mobile&quot;:{&quot;unit&quot;:&quot;deg&quot;,&quot;size&quot;:&quot;&quot;,&quot;sizes&quot;:[]}}\" data-widget_type=\"icon.default\">\n\t\t\t\t<div class=\"elementor-widget-container\">\n\t\t\t\t\t\t\t<div class=\"elementor-icon-wrapper\">\n\t\t\t<a class=\"elementor-icon\" href=\"#elementor-action%3Aaction%3Dpopup%3Aopen%26settings%3DeyJpZCI6IjUyOCIsInRvZ2dsZSI6ZmFsc2V9\">\n\t\t\t<svg xmlns=\"http:\/\/www.w3.org\/2000\/svg\" xmlns:xlink=\"http:\/\/www.w3.org\/1999\/xlink\" width=\"50\" height=\"50\" viewbox=\"0 0 50 50\" fill=\"none\"><circle cx=\"25\" cy=\"25\" r=\"25\" fill=\"#FFB40A\"><\/circle><path d=\"M30.6606 19.3761L18.2064 31.8303C17.9312 32.1055 17.9312 32.5183 18.2064 32.7936C18.4817 33.0688 18.8945 33.0688 19.1697 32.7936L31.4862 20.4771L31.4862 31.0734C31.4862 31.4862 31.7615 31.7615 32.1743 31.7615C32.5872 31.7615 32.8624 31.4862 32.8624 31.0734L32.8624 19.3761C32.8624 18.6193 32.2431 18 31.4862 18L19.789 18C19.3761 18 19.1009 18.2752 19.1009 18.6881C19.1009 19.1009 19.3761 19.3761 19.789 19.3761L30.6606 19.3761Z\" fill=\"#FFFFFF\"><\/path><\/svg>\t\t\t<\/a>\n\t\t<\/div>\n\t\t\t\t\t\t<\/div>\n\t\t\t\t<\/div>\n\t\t\t\t<\/div>\n\t\t\t\t<\/div>","protected":false},"excerpt":{"rendered":"<p>Become Our Dealer Home Grow Your Business Partner with Us as a Dealer for Air Compressors Looking to expand your [&hellip;]<\/p>\n","protected":false},"author":6,"featured_media":0,"parent":0,"menu_order":0,"comment_status":"closed","ping_status":"closed","template":"","meta":{"_acf_changed":false,"site-sidebar-layout":"no-sidebar","site-content-layout":"","ast-site-content-layout":"full-width-container","site-content-style":"default","site-sidebar-style":"default","ast-global-header-display":"","ast-banner-title-visibility":"","ast-main-header-display":"","ast-hfb-above-header-display":"","ast-hfb-below-header-display":"","ast-hfb-mobile-header-display":"","site-post-title":"","ast-breadcrumbs-content":"","ast-featured-img":"disabled","footer-sml-layout":"","ast-disable-related-posts":"","theme-transparent-header-meta":"","adv-header-id-meta":"","stick-header-meta":"","header-above-stick-meta":"","header-main-stick-meta":"","header-below-stick-meta":"","astra-migrate-meta-layouts":"default","ast-page-background-enabled":"default","ast-page-background-meta":{"desktop":{"background-color":"var(--ast-global-color-5)","background-image":"","background-repeat":"repeat","background-position":"center center","background-size":"auto","background-attachment":"scroll","background-type":"","background-media":"","overlay-type":"","overlay-color":"","overlay-opacity":"","overlay-gradient":""},"tablet":{"background-color":"","background-image":"","background-repeat":"repeat","background-position":"center center","background-size":"auto","background-attachment":"scroll","background-type":"","background-media":"","overlay-type":"","overlay-color":"","overlay-opacity":"","overlay-gradient":""},"mobile":{"background-color":"","background-image":"","background-repeat":"repeat","background-position":"center center","background-size":"auto","background-attachment":"scroll","background-type":"","background-media":"","overlay-type":"","overlay-color":"","overlay-opacity":"","overlay-gradient":""}},"ast-content-background-meta":{"desktop":{"background-color":"var(--ast-global-color-4)","background-image":"","background-repeat":"repeat","background-position":"center center","background-size":"auto","background-attachment":"scroll","background-type":"","background-media":"","overlay-type":"","overlay-color":"","overlay-opacity":"","overlay-gradient":""},"tablet":{"background-color":"var(--ast-global-color-4)","background-image":"","background-repeat":"repeat","background-position":"center center","background-size":"auto","background-attachment":"scroll","background-type":"","background-media":"","overlay-type":"","overlay-color":"","overlay-opacity":"","overlay-gradient":""},"mobile":{"background-color":"var(--ast-global-color-4)","background-image":"","background-repeat":"repeat","background-position":"center center","background-size":"auto","background-attachment":"scroll","background-type":"","background-media":"","overlay-type":"","overlay-color":"","overlay-opacity":"","overlay-gradient":""}},"footnotes":""},"class_list":["post-2223","page","type-page","status-publish","hentry"],"acf":[],"_links":{"self":[{"href":"https:\/\/nxcompressor.com\/it\/wp-json\/wp\/v2\/pages\/2223","targetHints":{"allow":["GET"]}}],"collection":[{"href":"https:\/\/nxcompressor.com\/it\/wp-json\/wp\/v2\/pages"}],"about":[{"href":"https:\/\/nxcompressor.com\/it\/wp-json\/wp\/v2\/types\/page"}],"author":[{"embeddable":true,"href":"https:\/\/nxcompressor.com\/it\/wp-json\/wp\/v2\/users\/6"}],"replies":[{"embeddable":true,"href":"https:\/\/nxcompressor.com\/it\/wp-json\/wp\/v2\/comments?post=2223"}],"version-history":[{"count":13,"href":"https:\/\/nxcompressor.com\/it\/wp-json\/wp\/v2\/pages\/2223\/revisions"}],"predecessor-version":[{"id":22390,"href":"https:\/\/nxcompressor.com\/it\/wp-json\/wp\/v2\/pages\/2223\/revisions\/22390"}],"wp:attachment":[{"href":"https:\/\/nxcompressor.com\/it\/wp-json\/wp\/v2\/media?parent=2223"}],"curies":[{"name":"wp","href":"https:\/\/api.w.org\/{rel}","templated":true}]}}