{"id":2239,"date":"2025-10-27T09:27:08","date_gmt":"2025-10-27T01:27:08","guid":{"rendered":"https:\/\/nxcompressor.com\/?page_id=2239"},"modified":"2026-02-09T11:01:34","modified_gmt":"2026-02-09T03:01:34","slug":"terms-and-conditions","status":"publish","type":"page","link":"https:\/\/nxcompressor.com\/it\/terms-and-conditions\/","title":{"rendered":"Termini e condizioni"},"content":{"rendered":"<div data-elementor-type=\"wp-page\" data-elementor-id=\"2239\" class=\"elementor elementor-2239\" data-elementor-post-type=\"page\">\n\t\t\t\t<div class=\"elementor-element elementor-element-fe3407e e-flex e-con-boxed e-con e-parent\" data-id=\"fe3407e\" data-element_type=\"container\" data-e-type=\"container\" data-settings=\"{&quot;background_background&quot;:&quot;classic&quot;,&quot;ekit_has_onepagescroll_dot&quot;:&quot;yes&quot;}\">\n\t\t\t\t\t<div class=\"e-con-inner\">\n\t\t\t\t<div class=\"elementor-element elementor-element-02ce802 elementor-widget elementor-widget-heading\" data-id=\"02ce802\" data-element_type=\"widget\" data-e-type=\"widget\" data-settings=\"{&quot;ekit_we_effect_on&quot;:&quot;none&quot;}\" data-widget_type=\"heading.default\">\n\t\t\t\t<div class=\"elementor-widget-container\">\n\t\t\t\t\t<h1 class=\"elementor-heading-title elementor-size-default\">Termini e condizioni<\/h1>\t\t\t\t<\/div>\n\t\t\t\t<\/div>\n\t\t\t\t<div class=\"elementor-element elementor-element-0be89e5 elementor-widget elementor-widget-elementskit-breadcrumb\" data-id=\"0be89e5\" data-element_type=\"widget\" data-e-type=\"widget\" data-settings=\"{&quot;ekit_we_effect_on&quot;:&quot;none&quot;}\" data-widget_type=\"elementskit-breadcrumb.default\">\n\t\t\t\t<div class=\"elementor-widget-container\">\n\t\t\t\t\t<div class=\"ekit-wid-con\" ><ol class=\"ekit-breadcrumb\"><li class=\"ekit_breadcrumbs_start\"><a href=\"https:\/\/nxcompressor.com\/it\">Home<\/a><\/li><\/ol><\/div>\t\t\t\t<\/div>\n\t\t\t\t<\/div>\n\t\t\t\t\t<\/div>\n\t\t\t\t<\/div>\n\t\t<div class=\"elementor-element elementor-element-6a36b59 e-flex e-con-boxed elementor-invisible e-con e-parent\" data-id=\"6a36b59\" data-element_type=\"container\" data-e-type=\"container\" data-settings=\"{&quot;animation&quot;:&quot;fadeInUp&quot;,&quot;ekit_has_onepagescroll_dot&quot;:&quot;yes&quot;}\">\n\t\t\t\t\t<div class=\"e-con-inner\">\n\t\t\t\t<div class=\"elementor-element elementor-element-0e5f067 elementor-widget elementor-widget-text-editor\" data-id=\"0e5f067\" data-element_type=\"widget\" data-e-type=\"widget\" data-settings=\"{&quot;ekit_we_effect_on&quot;:&quot;none&quot;}\" data-widget_type=\"text-editor.default\">\n\t\t\t\t<div class=\"elementor-widget-container\">\n\t\t\t\t\t\t\t\t\t<h5>Termini e condizioni<\/h5>\n<p>Benvenuti su EternelComp Air Compressor!<\/p>\n<p>Questi termini e condizioni delineano le regole e le norme per l'utilizzo del sito web di EternelComp Air Compressor Co., Ltd, situato all'indirizzo www.nxcompressor.com.<\/p>\n<p>Accedendo a questo sito web si presume che accettiate questi termini e condizioni. Non continuare a utilizzare EternelComp Air Compressor se non si accettano tutti i termini e le condizioni indicati in questa pagina.<\/p>\n<p><\/p>\n<p>La seguente terminologia si applica ai presenti Termini e condizioni, alla Dichiarazione sulla privacy e all'Avviso di esclusione di responsabilit\u00e0 e a tutti gli accordi: \u201cCliente\u201d, \u201cLei\u201d e \u201cSuo\u201d si riferiscono a Lei, la persona che accede a questo sito web e che accetta i termini e le condizioni della Societ\u00e0. \u201cLa Societ\u00e0\u201d, \u201cNoi\u201d, \u201cNoi\u201d, \u201cNostro\u201d e \u201cNoi\u201d, si riferisce alla nostra Societ\u00e0. \u201cParte\u201d, \u201cParti\u201d o \u201cNoi\u201d si riferiscono sia al Cliente che a noi. Tutti i termini si riferiscono all'offerta, all'accettazione e al corrispettivo del pagamento necessario per intraprendere il processo di assistenza da parte nostra al Cliente nel modo pi\u00f9 appropriato allo scopo esplicito di soddisfare le esigenze del Cliente in relazione alla fornitura dei servizi dichiarati dalla Societ\u00e0, in conformit\u00e0 e nel rispetto della legge vigente in Cina. Qualsiasi uso della terminologia di cui sopra o di altre parole al singolare, al plurale, in maiuscolo e\/o lui\/lei o loro, sono considerati intercambiabili e quindi riferiti allo stesso.<\/p>\n<h5>&nbsp;<\/h5>\n<h5>Biscotti<\/h5>\n<p>Utilizziamo i cookie. Accedendo a EternelComp Air Compressor, l'utente accetta di utilizzare i cookie in accordo con la politica sulla privacy di EternelComp Air Compressor Co.<\/p>\n<p>La maggior parte dei siti web interattivi utilizza i cookie per recuperare i dati dell'utente ad ogni visita. I cookie vengono utilizzati dal nostro sito web per consentire la funzionalit\u00e0 di alcune aree, in modo da agevolare le persone che visitano il nostro sito. Anche alcuni dei nostri partner affiliati\/pubblicitari possono utilizzare i cookie.<\/p>\n<h5>&nbsp;<\/h5>\n<h5>Licenza<\/h5>\n<p>Se non diversamente specificato, EternelComp Air Compressor Co., Ltd e\/o i suoi licenziatari detengono i diritti di propriet\u00e0 intellettuale per tutto il materiale presente su EternelComp Air Compressor. Tutti i diritti di propriet\u00e0 intellettuale sono riservati. \u00c8 possibile accedere a questo sito di EternelComp Air Compressor per uso personale, nel rispetto delle restrizioni stabilite in questi termini e condizioni.<\/p>\n<p>Non si deve:<\/p>\n<p><span style=\"font-style: inherit; font-weight: inherit;\">Ripubblicare materiale da <\/span>EternelComp<span style=\"font-style: inherit; font-weight: inherit;\">&nbsp;Compressore d'aria<\/span><\/p>\n<p>\u25aa&nbsp;<span style=\"font-style: inherit; font-weight: inherit;\">Vendere, affittare o concedere in sub-licenza materiale proveniente da <\/span>EternelComp<span style=\"font-style: inherit; font-weight: inherit;\">&nbsp;Compressore d'aria<\/span><\/p>\n<p>\u25aa&nbsp;<span style=\"font-style: inherit; font-weight: inherit;\">Riprodurre, duplicare o copiare materiale da <\/span>EternelComp<span style=\"font-style: inherit; font-weight: inherit;\">&nbsp;Compressore d'aria<\/span><\/p>\n<p>\u25aa&nbsp;<span style=\"font-style: inherit; font-weight: inherit;\">Ridistribuire i contenuti di <\/span>EternelComp<span style=\"font-style: inherit; font-weight: inherit;\">&nbsp;Compressore d'aria<\/span><\/p>\n<p><span style=\"font-style: inherit; font-weight: inherit;\">&nbsp;<\/span><\/p>\n<p>Il presente Accordo decorre dalla data del presente documento\uff1a2023\/4\/1.<\/p>\n<p>Alcune parti di questo sito web offrono agli utenti la possibilit\u00e0 di pubblicare e scambiare opinioni e informazioni in determinate aree del sito. EternelComp Air Compressor Co., Ltd non filtra, modifica, pubblica o rivede i commenti prima della loro presenza sul sito web. I commenti non riflettono i punti di vista e le opinioni di EternelComp Air Compressor Co. I commenti riflettono i punti di vista e le opinioni della persona che li ha pubblicati. Nella misura consentita dalle leggi applicabili, EternelComp Air Compressor Co., Ltd non sar\u00e0 responsabile per i Commenti o per qualsiasi responsabilit\u00e0, danno o spesa causati e\/o subiti come risultato di qualsiasi uso e\/o pubblicazione e\/o apparizione dei Commenti su questo sito web.<\/p>\n<p><\/p>\n<p>EternelComp Air Compressor Co., Ltd si riserva il diritto di monitorare tutti i commenti e di rimuovere qualsiasi commento che possa essere considerato inappropriato, offensivo o che causi una violazione dei presenti Termini e condizioni.<\/p>\n<p><\/p>\n<p>L'utente garantisce e dichiara che:<\/p>\n<p>\u25aa&nbsp;<span style=\"font-style: inherit; font-weight: inherit;\">Siete autorizzati a pubblicare i Commenti sul nostro sito web e disponete di tutte le licenze e i consensi necessari per farlo;<\/span><\/p>\n<p>\u25aa&nbsp;<span style=\"font-style: inherit; font-weight: inherit;\">I Commenti non violano alcun diritto di propriet\u00e0 intellettuale, inclusi, senza limitazioni, diritti d'autore, brevetti o marchi di terzi;<\/span><\/p>\n<p>\u25aa&nbsp;<span style=\"font-style: inherit; font-weight: inherit;\">I Commenti non contengono materiale diffamatorio, calunnioso, offensivo, indecente o comunque illegale che costituisca una violazione della privacy.<\/span><\/p>\n<p>\u25aa&nbsp;<span style=\"font-style: inherit; font-weight: inherit;\">I Commenti non saranno utilizzati per sollecitare o promuovere affari o consuetudini o presentare attivit\u00e0 commerciali o attivit\u00e0 illegali.<\/span><\/p>\n<p><span style=\"font-style: inherit; font-weight: inherit;\">&nbsp;<\/span><\/p>\n<p>Con la presente concedete a EternelComp Air Compressor Co., Ltd una licenza non esclusiva per utilizzare, riprodurre, modificare e autorizzare altri a utilizzare, riprodurre e modificare qualsiasi vostro commento in qualsiasi forma, formato o media.<\/p>\n<h5>&nbsp;<\/h5>\n<h5>Collegamento ipertestuale ai nostri contenuti<\/h5>\n<p>Le seguenti organizzazioni possono collegarsi al nostro sito web senza previa approvazione scritta:<\/p>\n<p>\u25aa&nbsp;<span style=\"font-style: inherit; font-weight: inherit;\">Agenzie governative;<\/span><\/p>\n<p>\u25aa&nbsp;<span style=\"font-style: inherit; font-weight: inherit;\">Motori di ricerca;<\/span><\/p>\n<p>\u25aa&nbsp;<span style=\"font-style: inherit; font-weight: inherit;\">Organizzazioni giornalistiche;<\/span><\/p>\n<p>\u25aa&nbsp;<span style=\"font-style: inherit; font-weight: inherit;\">I distributori di elenchi online possono collegarsi al nostro sito web nello stesso modo in cui si collegano ai siti web di altre aziende elencate; e<\/span><\/p>\n<p>\u25aa&nbsp;<span style=\"font-style: inherit; font-weight: inherit;\">Le aziende accreditate a livello di sistema, ad eccezione delle organizzazioni no-profit, dei centri commerciali di beneficenza e dei gruppi di raccolta fondi di beneficenza che non possono collegarsi al nostro sito Web.<\/span><\/p>\n<p><span style=\"font-style: inherit; font-weight: inherit;\">&nbsp;<\/span><\/p>\n<p>Queste organizzazioni possono inserire un link alla nostra home page, a pubblicazioni o ad altre informazioni del sito web, a condizione che il link: (a) non sia in alcun modo ingannevole; (b) non implichi falsamente la sponsorizzazione, l'avallo o l'approvazione del linkante e dei suoi prodotti e\/o servizi; e (c) si inserisca nel contesto del sito del linkante.<\/p>\n<p><\/p>\n<p>Possiamo prendere in considerazione e approvare altre richieste di link da parte dei seguenti tipi di organizzazioni:<\/p>\n<p>\u25aa&nbsp;<span style=\"font-style: inherit; font-weight: inherit;\">fonti di informazione comunemente conosciute dai consumatori e\/o dalle imprese;<\/span><\/p>\n<p>\u25aa&nbsp;<span style=\"font-style: inherit; font-weight: inherit;\">siti di comunit\u00e0 dot.com;<\/span><\/p>\n<p>\u25aa&nbsp;<span style=\"font-style: inherit; font-weight: inherit;\">associazioni o altri gruppi che rappresentano enti di beneficenza;<\/span><\/p>\n<p>\u25aa&nbsp;<span style=\"font-style: inherit; font-weight: inherit;\">distributori di elenchi online;<\/span><\/p>\n<p>\u25aa&nbsp;<span style=\"font-style: inherit; font-weight: inherit;\">portali internet;<\/span><\/p>\n<p>\u25aa&nbsp;<span style=\"font-style: inherit; font-weight: inherit;\">societ\u00e0 di contabilit\u00e0, studi legali e di consulenza; e&nbsp;<\/span><span style=\"font-style: inherit; font-weight: inherit;\">istituzioni educative e associazioni di categoria.<\/span><\/p>\n<p><span style=\"font-style: inherit; font-weight: inherit;\">&nbsp;<\/span><\/p>\n<p>Approveremo le richieste di link da parte di queste organizzazioni se decideremo che: (a) il link non ci faccia apparire sfavorevoli a noi stessi o alle nostre aziende accreditate; (b) l'organizzazione non abbia precedenti negativi con noi; (c) il beneficio per noi derivante dalla visibilit\u00e0 del collegamento ipertestuale compensi l'assenza di EternelComp Air Compressor Co., Ltd; e (d) il link sia nel contesto di informazioni generali sulle risorse.<\/p>\n<p><\/p>\n<p>Queste organizzazioni possono collegarsi alla nostra home page a condizione che il link: (a) non sia in alcun modo ingannevole; (b) non implichi falsamente la sponsorizzazione, l'avallo o l'approvazione del linkante e dei suoi prodotti o servizi; e (c) si inserisca nel contesto del sito del linkante.<\/p>\n<p><\/p>\n<p>Se siete una delle organizzazioni elencate nel precedente paragrafo 2 e siete interessati a collegarvi al nostro sito Web, dovete informarci inviando un'e-mail a EternelComp Air Compressor Co. Vi preghiamo di includere il vostro nome, il nome della vostra organizzazione, le informazioni di contatto e l'URL del vostro sito, un elenco di tutti gli URL da cui intendete collegarvi al nostro sito web e un elenco degli URL del nostro sito a cui vorreste collegarvi. Attendere 2-3 settimane per una risposta.<\/p>\n<p><\/p>\n<p>Le organizzazioni autorizzate possono collegarsi al nostro sito web come segue:<\/p>\n<p>\u25aa&nbsp;<span style=\"font-style: inherit; font-weight: inherit;\">Utilizzando la nostra ragione sociale; o<\/span><\/p>\n<p>\u25aa&nbsp;<span style=\"font-style: inherit; font-weight: inherit;\">Tramite l'uso del localizzatore uniforme di risorse a cui si \u00e8 collegati; oppure<\/span><\/p>\n<p>\u25aa&nbsp;<span style=\"font-style: inherit; font-weight: inherit;\">Utilizzando qualsiasi altra descrizione del nostro sito web a cui si \u00e8 collegati che abbia senso nel contesto e nel formato del contenuto del sito della parte collegata.<\/span><\/p>\n<p><span style=\"font-style: inherit; font-weight: inherit;\">&nbsp;<\/span><\/p>\n<p>Non sar\u00e0 consentito l'uso del logo o di altre immagini di EternelComp Air Compressor Co., Ltd per il collegamento senza un accordo di licenza del marchio.<\/p>\n<h5>&nbsp;<\/h5>\n<h5>iFrames<\/h5>\n<p>Senza previa approvazione e autorizzazione scritta, non \u00e8 possibile creare cornici intorno alle nostre pagine web che alterino in qualsiasi modo la presentazione visiva o l'aspetto del nostro sito web.<\/p>\n<h5>&nbsp;<\/h5>\n<h5>Responsabilit\u00e0 del contenuto<\/h5>\n<p>Non ci riterremo responsabili di alcun contenuto che appaia sul vostro sito web. L'utente si impegna a proteggerci e a difenderci da qualsiasi reclamo che venga sollevato sul suo sito web. Nessun link deve apparire su alcun sito web che possa essere interpretato come diffamatorio, osceno o criminale, o che infranga, violi in altro modo, o sostenga l'infrazione o altra violazione di diritti di terzi.<\/p>\n<h5>&nbsp;<\/h5>\n<h5>Riserva di diritti<\/h5>\n<p>Ci riserviamo il diritto di richiedere la rimozione di tutti i link o di un particolare link al nostro sito web. L'utente si impegna a rimuovere immediatamente tutti i link al nostro sito web su richiesta. Ci riserviamo inoltre il diritto di modificare i presenti termini e condizioni e la relativa politica di collegamento in qualsiasi momento. Collegandovi continuamente al nostro sito web, accettate di essere vincolati e di seguire questi termini e condizioni di collegamento.<\/p>\n<h5>&nbsp;<\/h5>\n<h5>Rimozione di link dal nostro sito web<\/h5>\n<p>Se sul nostro sito web trovate un link offensivo per qualsiasi motivo, siete liberi di contattarci e informarci in qualsiasi momento. Prenderemo in considerazione le richieste di rimozione dei link, ma non siamo obbligati a farlo o a rispondere direttamente all'utente.<\/p>\n<p>Non assicuriamo che le informazioni contenute nel sito siano corrette, non ne garantiamo la completezza o l'accuratezza, n\u00e9 promettiamo di garantire che il sito rimanga disponibile o che il materiale contenuto nel sito sia aggiornato.<\/p>\n<h5>&nbsp;<\/h5>\n<h5>Esclusione di responsabilit\u00e0<\/h5>\n<p>Nella misura massima consentita dalla legge applicabile, escludiamo tutte le dichiarazioni, garanzie e condizioni relative al nostro sito web e all'uso di questo sito web. Nulla di quanto contenuto nella presente clausola di esclusione della responsabilit\u00e0:<\/p>\n<p>\u25aa&nbsp;<span style=\"font-style: inherit; font-weight: inherit;\">limitare o escludere la nostra o la vostra responsabilit\u00e0 per morte o lesioni personali;<\/span><\/p>\n<p>\u25aa&nbsp;<span style=\"font-style: inherit; font-weight: inherit;\">limitare o escludere la nostra o la vostra responsabilit\u00e0 per frode o falsa dichiarazione fraudolenta;<\/span><\/p>\n<p>\u25aa&nbsp;<span style=\"font-style: inherit; font-weight: inherit;\">limitare le nostre o le vostre responsabilit\u00e0 in qualsiasi modo che non sia consentito dalla legge applicabile; oppure&nbsp;<\/span><span style=\"font-style: inherit; font-weight: inherit;\">escludere qualsiasi nostra o vostra responsabilit\u00e0 che non possa essere esclusa ai sensi della legge applicabile.<\/span><\/p>\n<p><span style=\"font-style: inherit; font-weight: inherit;\">&nbsp;<\/span><\/p>\n<p>Le limitazioni e i divieti di responsabilit\u00e0 indicati in questa sezione e in altre parti della presente clausola di esclusione della responsabilit\u00e0: (a) sono soggetti al paragrafo precedente; e (b) disciplinano tutte le responsabilit\u00e0 derivanti dalla clausola di esclusione della responsabilit\u00e0, comprese le responsabilit\u00e0 derivanti da contratto, da illecito e da violazione di obblighi di legge.<\/p>\n<p>Finch\u00e9 il sito web e le informazioni e i servizi presenti sul sito web sono forniti gratuitamente, non saremo responsabili di eventuali perdite o danni di qualsiasi natura.<\/p>\t\t\t\t\t\t\t\t<\/div>\n\t\t\t\t<\/div>\n\t\t\t\t\t<\/div>\n\t\t\t\t<\/div>\n\t\t\t\t<\/div>","protected":false},"excerpt":{"rendered":"<p>Terms and Conditions Home Terms and Conditions Welcome to EternelComp Air Compressor! These terms and conditions outline the rules and [&hellip;]<\/p>\n","protected":false},"author":6,"featured_media":0,"parent":0,"menu_order":0,"comment_status":"closed","ping_status":"closed","template":"","meta":{"_acf_changed":false,"site-sidebar-layout":"no-sidebar","site-content-layout":"","ast-site-content-layout":"full-width-container","site-content-style":"default","site-sidebar-style":"default","ast-global-header-display":"","ast-banner-title-visibility":"","ast-main-header-display":"","ast-hfb-above-header-display":"","ast-hfb-below-header-display":"","ast-hfb-mobile-header-display":"","site-post-title":"","ast-breadcrumbs-content":"","ast-featured-img":"disabled","footer-sml-layout":"","ast-disable-related-posts":"","theme-transparent-header-meta":"","adv-header-id-meta":"","stick-header-meta":"","header-above-stick-meta":"","header-main-stick-meta":"","header-below-stick-meta":"","astra-migrate-meta-layouts":"default","ast-page-background-enabled":"default","ast-page-background-meta":{"desktop":{"background-color":"var(--ast-global-color-5)","background-image":"","background-repeat":"repeat","background-position":"center center","background-size":"auto","background-attachment":"scroll","background-type":"","background-media":"","overlay-type":"","overlay-color":"","overlay-opacity":"","overlay-gradient":""},"tablet":{"background-color":"","background-image":"","background-repeat":"repeat","background-position":"center center","background-size":"auto","background-attachment":"scroll","background-type":"","background-media":"","overlay-type":"","overlay-color":"","overlay-opacity":"","overlay-gradient":""},"mobile":{"background-color":"","background-image":"","background-repeat":"repeat","background-position":"center center","background-size":"auto","background-attachment":"scroll","background-type":"","background-media":"","overlay-type":"","overlay-color":"","overlay-opacity":"","overlay-gradient":""}},"ast-content-background-meta":{"desktop":{"background-color":"var(--ast-global-color-4)","background-image":"","background-repeat":"repeat","background-position":"center center","background-size":"auto","background-attachment":"scroll","background-type":"","background-media":"","overlay-type":"","overlay-color":"","overlay-opacity":"","overlay-gradient":""},"tablet":{"background-color":"var(--ast-global-color-4)","background-image":"","background-repeat":"repeat","background-position":"center center","background-size":"auto","background-attachment":"scroll","background-type":"","background-media":"","overlay-type":"","overlay-color":"","overlay-opacity":"","overlay-gradient":""},"mobile":{"background-color":"var(--ast-global-color-4)","background-image":"","background-repeat":"repeat","background-position":"center center","background-size":"auto","background-attachment":"scroll","background-type":"","background-media":"","overlay-type":"","overlay-color":"","overlay-opacity":"","overlay-gradient":""}},"footnotes":""},"class_list":["post-2239","page","type-page","status-publish","hentry"],"acf":[],"_links":{"self":[{"href":"https:\/\/nxcompressor.com\/it\/wp-json\/wp\/v2\/pages\/2239","targetHints":{"allow":["GET"]}}],"collection":[{"href":"https:\/\/nxcompressor.com\/it\/wp-json\/wp\/v2\/pages"}],"about":[{"href":"https:\/\/nxcompressor.com\/it\/wp-json\/wp\/v2\/types\/page"}],"author":[{"embeddable":true,"href":"https:\/\/nxcompressor.com\/it\/wp-json\/wp\/v2\/users\/6"}],"replies":[{"embeddable":true,"href":"https:\/\/nxcompressor.com\/it\/wp-json\/wp\/v2\/comments?post=2239"}],"version-history":[{"count":13,"href":"https:\/\/nxcompressor.com\/it\/wp-json\/wp\/v2\/pages\/2239\/revisions"}],"predecessor-version":[{"id":22454,"href":"https:\/\/nxcompressor.com\/it\/wp-json\/wp\/v2\/pages\/2239\/revisions\/22454"}],"wp:attachment":[{"href":"https:\/\/nxcompressor.com\/it\/wp-json\/wp\/v2\/media?parent=2239"}],"curies":[{"name":"wp","href":"https:\/\/api.w.org\/{rel}","templated":true}]}}