{"id":2249,"date":"2025-10-27T09:37:37","date_gmt":"2025-10-27T01:37:37","guid":{"rendered":"https:\/\/nxcompressor.com\/?page_id=2249"},"modified":"2026-02-09T10:59:13","modified_gmt":"2026-02-09T02:59:13","slug":"privacy-policy-2","status":"publish","type":"page","link":"https:\/\/nxcompressor.com\/it\/privacy-policy-2\/","title":{"rendered":"Informativa sulla privacy"},"content":{"rendered":"<div data-elementor-type=\"wp-page\" data-elementor-id=\"2249\" class=\"elementor elementor-2249\" data-elementor-post-type=\"page\">\n\t\t\t\t<div class=\"elementor-element elementor-element-c93a986 e-flex e-con-boxed e-con e-parent\" data-id=\"c93a986\" data-element_type=\"container\" data-e-type=\"container\" data-settings=\"{&quot;background_background&quot;:&quot;classic&quot;,&quot;ekit_has_onepagescroll_dot&quot;:&quot;yes&quot;}\">\n\t\t\t\t\t<div class=\"e-con-inner\">\n\t\t\t\t<div class=\"elementor-element elementor-element-6d39635 elementor-widget elementor-widget-heading\" data-id=\"6d39635\" data-element_type=\"widget\" data-e-type=\"widget\" data-settings=\"{&quot;ekit_we_effect_on&quot;:&quot;none&quot;}\" data-widget_type=\"heading.default\">\n\t\t\t\t<div class=\"elementor-widget-container\">\n\t\t\t\t\t<h1 class=\"elementor-heading-title elementor-size-default\">Informativa sulla privacy<\/h1>\t\t\t\t<\/div>\n\t\t\t\t<\/div>\n\t\t\t\t<div class=\"elementor-element elementor-element-c21e1d1 elementor-widget elementor-widget-elementskit-breadcrumb\" data-id=\"c21e1d1\" data-element_type=\"widget\" data-e-type=\"widget\" data-settings=\"{&quot;ekit_we_effect_on&quot;:&quot;none&quot;}\" data-widget_type=\"elementskit-breadcrumb.default\">\n\t\t\t\t<div class=\"elementor-widget-container\">\n\t\t\t\t\t<div class=\"ekit-wid-con\" ><ol class=\"ekit-breadcrumb\"><li class=\"ekit_breadcrumbs_start\"><a href=\"https:\/\/nxcompressor.com\/it\">Home<\/a><\/li><\/ol><\/div>\t\t\t\t<\/div>\n\t\t\t\t<\/div>\n\t\t\t\t\t<\/div>\n\t\t\t\t<\/div>\n\t\t<div class=\"elementor-element elementor-element-802aa08 e-flex e-con-boxed elementor-invisible e-con e-parent\" data-id=\"802aa08\" data-element_type=\"container\" data-e-type=\"container\" data-settings=\"{&quot;animation&quot;:&quot;fadeInUp&quot;,&quot;ekit_has_onepagescroll_dot&quot;:&quot;yes&quot;}\">\n\t\t\t\t\t<div class=\"e-con-inner\">\n\t\t\t\t<div class=\"elementor-element elementor-element-50382b2 elementor-widget elementor-widget-text-editor\" data-id=\"50382b2\" data-element_type=\"widget\" data-e-type=\"widget\" data-settings=\"{&quot;ekit_we_effect_on&quot;:&quot;none&quot;}\" data-widget_type=\"text-editor.default\">\n\t\t\t\t<div class=\"elementor-widget-container\">\n\t\t\t\t\t\t\t\t\t<h5><b>Informativa sulla privacy&nbsp;<\/b>per EternelComp Air Compressor Co., Ltd<\/h5>\n<p>In EternelComp Air Compressor, accessibile da www.nxcompressor.com, una delle nostre principali priorit\u00e0 \u00e8 la privacy dei nostri visitatori. Questo documento sulla privacy contiene i tipi di informazioni che vengono raccolte e registrate da EternelComp Air Compressor e il modo in cui vengono utilizzate.<\/p>\n<p><\/p>\n<p>Se avete ulteriori domande o desiderate maggiori informazioni sulla nostra Politica sulla privacy, non esitate a contattarci.\uff1a+86 15270025538\/ info@nxcompressor.com<\/p>\n<p>Questa politica sulla privacy si applica solo alle nostre attivit\u00e0 online ed \u00e8 valida per i visitatori del nostro sito web per quanto riguarda le informazioni che hanno condiviso e\/o raccolto in EternelComp Air Compressor. Questa politica non \u00e8 applicabile a qualsiasi informazione raccolta offline o tramite canali diversi da questo sito web.<\/p>\n<p><\/p>\n<h5>Consenso<\/h5>\n<p>Utilizzando il nostro sito web, l'utente acconsente alla nostra Informativa sulla privacy e ne accetta i termini.<\/p>\n<p><\/p>\n<h5>Informazioni raccolte<\/h5>\n<p>I dati personali che vi vengono richiesti e le ragioni per cui vi vengono richiesti vi saranno chiariti nel momento in cui vi chiediamo di fornire i vostri dati personali.<\/p>\n<p><\/p>\n<p>Se ci contattate direttamente, potremmo ricevere ulteriori informazioni su di voi, come il vostro nome, l'indirizzo e-mail, il numero di telefono, il contenuto del messaggio e\/o degli allegati che ci inviate e qualsiasi altra informazione che decidiate di fornirci.<\/p>\n<p><\/p>\n<p>Quando l'utente si registra per un Account, potremmo richiedere le sue informazioni di contatto, tra cui nome, ragione sociale, indirizzo, indirizzo e-mail e numero di telefono.<\/p>\n<p><\/p>\n<h5>Come utilizziamo le vostre informazioni<\/h5>\n<p>Utilizziamo le informazioni raccolte in vari modi, tra cui per:<\/p>\n<p>\u25aa&nbsp;<span style=\"font-style: inherit; font-weight: inherit;\">Fornire, gestire e mantenere il nostro sito web<\/span><\/p>\n<p>\u25aa&nbsp;<span style=\"font-style: inherit; font-weight: inherit;\">Migliorare, personalizzare ed espandere il nostro sito web<\/span><\/p>\n<p>\u25aa&nbsp;<span style=\"font-style: inherit; font-weight: inherit;\">Capire e analizzare il modo in cui l'utente utilizza il nostro sito web<\/span><\/p>\n<p>\u25aa&nbsp;<span style=\"font-style: inherit; font-weight: inherit;\">Sviluppare nuovi prodotti, servizi, caratteristiche e funzionalit\u00e0.<\/span><\/p>\n<p>\u25aa&nbsp;<span style=\"font-style: inherit; font-weight: inherit;\">Comunicare con voi, direttamente o attraverso uno dei nostri partner, anche per il servizio clienti, per fornirvi aggiornamenti e altre informazioni relative al sito web, e per scopi di marketing e promozionali<\/span><\/p>\n<p>\u25aa&nbsp;<span style=\"font-style: inherit; font-weight: inherit;\">Inviarvi e-mail<\/span><\/p>\n<p>\u25aa&nbsp;<span style=\"font-style: inherit; font-weight: inherit;\">Individuare e prevenire le frodi<\/span><\/p>\n<p><span style=\"font-style: inherit; font-weight: inherit;\">&nbsp;<\/span><\/p>\n<h5>File di registro<\/h5>\n<p>EternelComp Air Compressor segue una procedura standard di utilizzo dei file di log. Questi file registrano i visitatori quando visitano i siti web. Tutte le societ\u00e0 di hosting lo fanno e fanno parte dell'analisi dei servizi di hosting. Le informazioni raccolte dai file di registro includono gli indirizzi del protocollo Internet (IP), il tipo di browser, l'Internet Service Provider (ISP), la data e l'ora, le pagine di riferimento\/uscita ed eventualmente il numero di clic. Questi dati non sono collegati ad alcuna informazione di identificazione personale. Lo scopo di queste informazioni \u00e8 l'analisi delle tendenze, l'amministrazione del sito, il monitoraggio dei movimenti degli utenti sul sito e la raccolta di informazioni demografiche.<\/p>\n<p><\/p>\n<h5>Cookie e Web Beacon<\/h5>\n<p>Come qualsiasi altro sito web, EternelComp Air Compressor utilizza i \u201ccookie\u201d. Questi cookie vengono utilizzati per memorizzare informazioni, tra cui le preferenze dei visitatori e le pagine del sito web a cui il visitatore ha avuto accesso o che ha visitato. Le informazioni vengono utilizzate per ottimizzare l'esperienza degli utenti, personalizzando il contenuto delle nostre pagine web in base al tipo di browser dei visitatori e\/o ad altre informazioni.<\/p>\n<p><\/p>\n<h5>Partner pubblicitari Informativa sulla privacy<\/h5>\n<p>\u00c8 possibile consultare questo elenco per trovare l'informativa sulla privacy di ciascuno dei partner pubblicitari di EternelComp Air Compressor.<\/p>\n<p><\/p>\n<p>I server pubblicitari di terze parti o le reti pubblicitarie utilizzano tecnologie come cookie, JavaScript o Web Beacon che vengono utilizzati nei rispettivi annunci e link che appaiono su EternelComp Air Compressor e che vengono inviati direttamente al browser degli utenti. In questo caso, ricevono automaticamente l'indirizzo IP dell'utente. Queste tecnologie vengono utilizzate per misurare l'efficacia delle loro campagne pubblicitarie e\/o per personalizzare il contenuto pubblicitario visualizzato sui siti web visitati.<\/p>\n<p><\/p>\n<p>Si noti che EternelComp Air Compressor non ha accesso o controllo su questi cookie utilizzati da inserzionisti terzi.<\/p>\n<p><\/p>\n<h5>Politiche sulla privacy di terzi<\/h5>\n<p>La politica sulla privacy di EternelComp Air Compressor non si applica ad altri inserzionisti o siti web. Pertanto, vi consigliamo di consultare le rispettive politiche sulla privacy di questi server pubblicitari di terze parti per informazioni pi\u00f9 dettagliate. Queste possono includere le loro pratiche e le istruzioni su come rinunciare a determinate opzioni.<\/p>\n<p><\/p>\n<p>\u00c8 possibile scegliere di disabilitare i cookie attraverso le opzioni del proprio browser. Per informazioni pi\u00f9 dettagliate sulla gestione dei cookie con specifici browser web, \u00e8 possibile consultare i rispettivi siti web.<\/p>\n<p><\/p>\n<h5>Diritti alla privacy CCPA (non vendere le mie informazioni personali)<\/h5>\n<p>Ai sensi del CCPA, tra gli altri diritti, i consumatori californiani hanno il diritto di:<\/p>\n<p>Richiedere che un'azienda che raccoglie i dati personali di un consumatore divulghi le categorie e i dati personali specifici che l'azienda ha raccolto sui consumatori.<\/p>\n<p>Richiedere che un'azienda cancelli tutti i dati personali del consumatore che ha raccolto.<\/p>\n<p>Richiedere che un'azienda che vende i dati personali di un consumatore non venda i dati personali del consumatore.<\/p>\n<p>In caso di richiesta, abbiamo un mese di tempo per rispondere. Se desiderate esercitare uno di questi diritti, contattateci.<\/p>\n<p><\/p>\n<h5>Diritti di protezione dei dati GDPR<\/h5>\n<p>Desideriamo assicurarci che l'utente sia pienamente consapevole di tutti i suoi diritti in materia di protezione dei dati. Ogni utente ha diritto a quanto segue:<\/p>\n<p>Diritto di accesso - Avete il diritto di richiedere copie dei vostri dati personali. Per questo servizio potremmo addebitarvi un piccolo costo.<\/p>\n<p>Diritto di rettifica - L'utente ha il diritto di richiedere la correzione delle informazioni che ritiene inesatte. Ha inoltre il diritto di richiedere che vengano completate le informazioni che ritiene incomplete.<\/p>\n<p>Diritto alla cancellazione - Avete il diritto di richiedere la cancellazione dei vostri dati personali, a determinate condizioni.<\/p>\n<p>Diritto di limitare l'elaborazione - Avete il diritto di richiedere la limitazione dell'elaborazione dei vostri dati personali, a determinate condizioni.<\/p>\n<p>Diritto di opposizione al trattamento - Avete il diritto di opporvi al trattamento dei vostri dati personali da parte nostra, a determinate condizioni.<\/p>\n<p>Diritto alla portabilit\u00e0 dei dati - L'utente ha il diritto di richiedere il trasferimento dei dati da noi raccolti a un'altra organizzazione o direttamente a lui, a determinate condizioni.<\/p>\n<p>In caso di richiesta, abbiamo un mese di tempo per rispondere. Se desiderate esercitare uno di questi diritti, contattateci.<\/p>\n<p><\/p>\n<h5>Informazioni sui bambini<\/h5>\n<p>Un'altra parte della nostra priorit\u00e0 \u00e8 l'aggiunta di una protezione per i bambini durante l'utilizzo di Internet. Incoraggiamo genitori e tutori a osservare, partecipare e\/o monitorare e guidare la loro attivit\u00e0 online.<\/p>\n<p><\/p>\n<p>EternelComp Air Compressor non raccoglie consapevolmente alcuna informazione di identificazione personale da bambini di et\u00e0 inferiore a 13 anni. Se pensate che vostro figlio abbia fornito questo tipo di informazioni sul nostro sito web, vi invitiamo a contattarci immediatamente e faremo del nostro meglio per rimuovere prontamente tali informazioni dai nostri archivi.<\/p>\n<p><\/p>\n<h5>Modifiche alla presente Informativa sulla privacy<\/h5>\n<p>La nostra Informativa sulla privacy pu\u00f2 essere aggiornata di tanto in tanto. Pertanto, vi consigliamo di consultare periodicamente questa pagina per verificare eventuali modifiche. Vi informeremo di eventuali modifiche pubblicando la nuova Informativa sulla privacy su questa pagina. Tali modifiche avranno effetto immediato dopo la loro pubblicazione su questa pagina.<\/p>\n<p><\/p>\n<h5>Contattaci<\/h5>\n<p>In caso di domande o suggerimenti sulla nostra Informativa sulla privacy, non esitate a contattarci.<\/p>\t\t\t\t\t\t\t\t<\/div>\n\t\t\t\t<\/div>\n\t\t\t\t\t<\/div>\n\t\t\t\t<\/div>\n\t\t\t\t<\/div>","protected":false},"excerpt":{"rendered":"<p>Privacy Policy Home Privacy Policy&nbsp;for EternelComp&nbsp;Air Compressor Co., Ltd At EternelComp Air Compressor, accessible from www.nxcompressor.com, one of our main [&hellip;]<\/p>\n","protected":false},"author":6,"featured_media":0,"parent":0,"menu_order":0,"comment_status":"closed","ping_status":"closed","template":"","meta":{"_acf_changed":false,"site-sidebar-layout":"no-sidebar","site-content-layout":"","ast-site-content-layout":"full-width-container","site-content-style":"default","site-sidebar-style":"default","ast-global-header-display":"","ast-banner-title-visibility":"","ast-main-header-display":"","ast-hfb-above-header-display":"","ast-hfb-below-header-display":"","ast-hfb-mobile-header-display":"","site-post-title":"","ast-breadcrumbs-content":"","ast-featured-img":"disabled","footer-sml-layout":"","ast-disable-related-posts":"","theme-transparent-header-meta":"","adv-header-id-meta":"","stick-header-meta":"","header-above-stick-meta":"","header-main-stick-meta":"","header-below-stick-meta":"","astra-migrate-meta-layouts":"default","ast-page-background-enabled":"default","ast-page-background-meta":{"desktop":{"background-color":"var(--ast-global-color-5)","background-image":"","background-repeat":"repeat","background-position":"center center","background-size":"auto","background-attachment":"scroll","background-type":"","background-media":"","overlay-type":"","overlay-color":"","overlay-opacity":"","overlay-gradient":""},"tablet":{"background-color":"","background-image":"","background-repeat":"repeat","background-position":"center center","background-size":"auto","background-attachment":"scroll","background-type":"","background-media":"","overlay-type":"","overlay-color":"","overlay-opacity":"","overlay-gradient":""},"mobile":{"background-color":"","background-image":"","background-repeat":"repeat","background-position":"center center","background-size":"auto","background-attachment":"scroll","background-type":"","background-media":"","overlay-type":"","overlay-color":"","overlay-opacity":"","overlay-gradient":""}},"ast-content-background-meta":{"desktop":{"background-color":"var(--ast-global-color-4)","background-image":"","background-repeat":"repeat","background-position":"center center","background-size":"auto","background-attachment":"scroll","background-type":"","background-media":"","overlay-type":"","overlay-color":"","overlay-opacity":"","overlay-gradient":""},"tablet":{"background-color":"var(--ast-global-color-4)","background-image":"","background-repeat":"repeat","background-position":"center center","background-size":"auto","background-attachment":"scroll","background-type":"","background-media":"","overlay-type":"","overlay-color":"","overlay-opacity":"","overlay-gradient":""},"mobile":{"background-color":"var(--ast-global-color-4)","background-image":"","background-repeat":"repeat","background-position":"center center","background-size":"auto","background-attachment":"scroll","background-type":"","background-media":"","overlay-type":"","overlay-color":"","overlay-opacity":"","overlay-gradient":""}},"footnotes":""},"class_list":["post-2249","page","type-page","status-publish","hentry"],"acf":[],"_links":{"self":[{"href":"https:\/\/nxcompressor.com\/it\/wp-json\/wp\/v2\/pages\/2249","targetHints":{"allow":["GET"]}}],"collection":[{"href":"https:\/\/nxcompressor.com\/it\/wp-json\/wp\/v2\/pages"}],"about":[{"href":"https:\/\/nxcompressor.com\/it\/wp-json\/wp\/v2\/types\/page"}],"author":[{"embeddable":true,"href":"https:\/\/nxcompressor.com\/it\/wp-json\/wp\/v2\/users\/6"}],"replies":[{"embeddable":true,"href":"https:\/\/nxcompressor.com\/it\/wp-json\/wp\/v2\/comments?post=2249"}],"version-history":[{"count":10,"href":"https:\/\/nxcompressor.com\/it\/wp-json\/wp\/v2\/pages\/2249\/revisions"}],"predecessor-version":[{"id":22441,"href":"https:\/\/nxcompressor.com\/it\/wp-json\/wp\/v2\/pages\/2249\/revisions\/22441"}],"wp:attachment":[{"href":"https:\/\/nxcompressor.com\/it\/wp-json\/wp\/v2\/media?parent=2249"}],"curies":[{"name":"wp","href":"https:\/\/api.w.org\/{rel}","templated":true}]}}